{"id":25,"date":"2025-09-18T14:41:33","date_gmt":"2025-09-18T14:41:33","guid":{"rendered":"http:\/\/equipedefrancedestransplantes.fr\/?page_id=25"},"modified":"2025-09-18T20:13:24","modified_gmt":"2025-09-18T20:13:24","slug":"vivre-et-partager-nos-temps-forts","status":"publish","type":"page","link":"http:\/\/equipedefrancedestransplantes.fr\/?page_id=25","title":{"rendered":"Nos \u00e9v\u00e8nements"},"content":{"rendered":"\n<p>Retrouvez les r\u00e9sultats, comptes-rendus, pr\u00e9parations et actions de sensibilisation partout en France.<\/p>\n\n\n\n<hr class=\"wp-block-separator has-alpha-channel-opacity\"\/>\n\n\n\n<h2 class=\"wp-block-heading\">Actualit\u00e9s<\/h2>\n\n\n\n<blockquote class=\"wp-block-quote is-layout-flow wp-block-quote-is-layout-flow\">\n<p>Cette page liste automatiquement vos articles de blog.<br>Cat\u00e9gories sugg\u00e9r\u00e9es : <strong>R\u00e9sultats<\/strong>, <strong>\u00c9v\u00e9nements<\/strong>, <strong>Jeux Mondiaux<\/strong>, <strong>Sensibilisation<\/strong>.<\/p>\n<\/blockquote>\n\n\n\n<p><a href=\"\/actualites-evenements\">Voir toutes les actualit\u00e9s<\/a><\/p>\n\n\n\n<hr class=\"wp-block-separator has-alpha-channel-opacity\"\/>\n\n\n\n<h2 class=\"wp-block-heading\">\u00c9v\u00e9nements \u00e0 venir<\/h2>\n\n\n\n<ul class=\"wp-block-list\">\n<li>Titre \u2014 Date \u2014 Ville \u2014 Discipline \u2014 Lien d\u2019inscription<\/li>\n\n\n\n<li>[\u00c0 compl\u00e9ter]<\/li>\n<\/ul>\n\n\n\n<p><a href=\"\/actualites-evenements#agenda\">Voir l\u2019agenda complet<\/a><\/p>\n","protected":false},"excerpt":{"rendered":"<p>Retrouvez les r\u00e9sultats, comptes-rendus, pr\u00e9parations et actions de sensibilisation partout en France. Actualit\u00e9s Cette page liste automatiquement vos articles de blog.Cat\u00e9gories sugg\u00e9r\u00e9es : R\u00e9sultats, \u00c9v\u00e9nements, Jeux Mondiaux, Sensibilisation. Voir toutes [&hellip;]<\/p>\n","protected":false},"author":1,"featured_media":0,"parent":0,"menu_order":0,"comment_status":"closed","ping_status":"closed","template":"","meta":{"_EventAllDay":false,"_EventTimezone":"","_EventStartDate":"","_EventEndDate":"","_EventStartDateUTC":"","_EventEndDateUTC":"","_EventShowMap":false,"_EventShowMapLink":false,"_EventURL":"","_EventCost":"","_EventCostDescription":"","_EventCurrencySymbol":"","_EventCurrencyCode":"","_EventCurrencyPosition":"","_EventDateTimeSeparator":"","_EventTimeRangeSeparator":"","_EventOrganizerID":[],"_EventVenueID":[],"_OrganizerEmail":"","_OrganizerPhone":"","_OrganizerWebsite":"","_VenueAddress":"","_VenueCity":"","_VenueCountry":"","_VenueProvince":"","_VenueState":"","_VenueZip":"","_VenuePhone":"","_VenueURL":"","_VenueStateProvince":"","_VenueLat":"","_VenueLng":"","_VenueShowMap":false,"_VenueShowMapLink":false,"footnotes":""},"class_list":["post-25","page","type-page","status-publish","hentry"],"yoast_head":"<!-- This site is optimized with the Yoast SEO plugin v25.9 - https:\/\/yoast.com\/wordpress\/plugins\/seo\/ -->\n<title>Nos \u00e9v\u00e8nements - \u00c9quipe de France des transplant\u00e9s et dialys\u00e9s<\/title>\n<meta name=\"robots\" content=\"index, follow, max-snippet:-1, max-image-preview:large, max-video-preview:-1\" \/>\n<link rel=\"canonical\" href=\"http:\/\/equipedefrancedestransplantes.fr\/?page_id=25\" \/>\n<meta property=\"og:locale\" content=\"fr_FR\" \/>\n<meta property=\"og:type\" content=\"article\" \/>\n<meta property=\"og:title\" content=\"Nos \u00e9v\u00e8nements - \u00c9quipe de France des transplant\u00e9s et dialys\u00e9s\" \/>\n<meta property=\"og:description\" content=\"Retrouvez les r\u00e9sultats, comptes-rendus, pr\u00e9parations et actions de sensibilisation partout en France. Actualit\u00e9s Cette page liste automatiquement vos articles de blog.Cat\u00e9gories sugg\u00e9r\u00e9es : R\u00e9sultats, \u00c9v\u00e9nements, Jeux Mondiaux, Sensibilisation. Voir toutes [&hellip;]\" \/>\n<meta property=\"og:url\" content=\"http:\/\/equipedefrancedestransplantes.fr\/?page_id=25\" \/>\n<meta property=\"og:site_name\" content=\"\u00c9quipe de France des transplant\u00e9s et dialys\u00e9s\" \/>\n<meta property=\"article:modified_time\" content=\"2025-09-18T20:13:24+00:00\" \/>\n<meta name=\"twitter:card\" content=\"summary_large_image\" \/>\n<meta name=\"twitter:label1\" content=\"Dur\u00e9e de lecture estim\u00e9e\" \/>\n\t<meta name=\"twitter:data1\" content=\"1 minute\" \/>\n<script type=\"application\/ld+json\" class=\"yoast-schema-graph\">{\"@context\":\"https:\/\/schema.org\",\"@graph\":[{\"@type\":\"WebPage\",\"@id\":\"http:\/\/equipedefrancedestransplantes.fr\/?page_id=25\",\"url\":\"http:\/\/equipedefrancedestransplantes.fr\/?page_id=25\",\"name\":\"Nos \u00e9v\u00e8nements - \u00c9quipe de France des transplant\u00e9s et dialys\u00e9s\",\"isPartOf\":{\"@id\":\"https:\/\/equipedefrancedestransplantes.fr\/#website\"},\"datePublished\":\"2025-09-18T14:41:33+00:00\",\"dateModified\":\"2025-09-18T20:13:24+00:00\",\"breadcrumb\":{\"@id\":\"http:\/\/equipedefrancedestransplantes.fr\/?page_id=25#breadcrumb\"},\"inLanguage\":\"fr-FR\",\"potentialAction\":[{\"@type\":\"ReadAction\",\"target\":[\"http:\/\/equipedefrancedestransplantes.fr\/?page_id=25\"]}]},{\"@type\":\"BreadcrumbList\",\"@id\":\"http:\/\/equipedefrancedestransplantes.fr\/?page_id=25#breadcrumb\",\"itemListElement\":[{\"@type\":\"ListItem\",\"position\":1,\"name\":\"Accueil\",\"item\":\"https:\/\/equipedefrancedestransplantes.fr\/\"},{\"@type\":\"ListItem\",\"position\":2,\"name\":\"Nos \u00e9v\u00e8nements\"}]},{\"@type\":\"WebSite\",\"@id\":\"https:\/\/equipedefrancedestransplantes.fr\/#website\",\"url\":\"https:\/\/equipedefrancedestransplantes.fr\/\",\"name\":\"\u00c9quipe de France des transplant\u00e9s et dialys\u00e9s\",\"description\":\"Ensemble, plus fort, plus loin pour sensibiliser au don d&#039;organes\",\"potentialAction\":[{\"@type\":\"SearchAction\",\"target\":{\"@type\":\"EntryPoint\",\"urlTemplate\":\"https:\/\/equipedefrancedestransplantes.fr\/?s={search_term_string}\"},\"query-input\":{\"@type\":\"PropertyValueSpecification\",\"valueRequired\":true,\"valueName\":\"search_term_string\"}}],\"inLanguage\":\"fr-FR\"}]}<\/script>\n<!-- \/ Yoast SEO plugin. -->","yoast_head_json":{"title":"Nos \u00e9v\u00e8nements - \u00c9quipe de France des transplant\u00e9s et dialys\u00e9s","robots":{"index":"index","follow":"follow","max-snippet":"max-snippet:-1","max-image-preview":"max-image-preview:large","max-video-preview":"max-video-preview:-1"},"canonical":"http:\/\/equipedefrancedestransplantes.fr\/?page_id=25","og_locale":"fr_FR","og_type":"article","og_title":"Nos \u00e9v\u00e8nements - \u00c9quipe de France des transplant\u00e9s et dialys\u00e9s","og_description":"Retrouvez les r\u00e9sultats, comptes-rendus, pr\u00e9parations et actions de sensibilisation partout en France. Actualit\u00e9s Cette page liste automatiquement vos articles de blog.Cat\u00e9gories sugg\u00e9r\u00e9es : R\u00e9sultats, \u00c9v\u00e9nements, Jeux Mondiaux, Sensibilisation. Voir toutes [&hellip;]","og_url":"http:\/\/equipedefrancedestransplantes.fr\/?page_id=25","og_site_name":"\u00c9quipe de France des transplant\u00e9s et dialys\u00e9s","article_modified_time":"2025-09-18T20:13:24+00:00","twitter_card":"summary_large_image","twitter_misc":{"Dur\u00e9e de lecture estim\u00e9e":"1 minute"},"schema":{"@context":"https:\/\/schema.org","@graph":[{"@type":"WebPage","@id":"http:\/\/equipedefrancedestransplantes.fr\/?page_id=25","url":"http:\/\/equipedefrancedestransplantes.fr\/?page_id=25","name":"Nos \u00e9v\u00e8nements - \u00c9quipe de France des transplant\u00e9s et dialys\u00e9s","isPartOf":{"@id":"https:\/\/equipedefrancedestransplantes.fr\/#website"},"datePublished":"2025-09-18T14:41:33+00:00","dateModified":"2025-09-18T20:13:24+00:00","breadcrumb":{"@id":"http:\/\/equipedefrancedestransplantes.fr\/?page_id=25#breadcrumb"},"inLanguage":"fr-FR","potentialAction":[{"@type":"ReadAction","target":["http:\/\/equipedefrancedestransplantes.fr\/?page_id=25"]}]},{"@type":"BreadcrumbList","@id":"http:\/\/equipedefrancedestransplantes.fr\/?page_id=25#breadcrumb","itemListElement":[{"@type":"ListItem","position":1,"name":"Accueil","item":"https:\/\/equipedefrancedestransplantes.fr\/"},{"@type":"ListItem","position":2,"name":"Nos \u00e9v\u00e8nements"}]},{"@type":"WebSite","@id":"https:\/\/equipedefrancedestransplantes.fr\/#website","url":"https:\/\/equipedefrancedestransplantes.fr\/","name":"\u00c9quipe de France des transplant\u00e9s et dialys\u00e9s","description":"Ensemble, plus fort, plus loin pour sensibiliser au don d&#039;organes","potentialAction":[{"@type":"SearchAction","target":{"@type":"EntryPoint","urlTemplate":"https:\/\/equipedefrancedestransplantes.fr\/?s={search_term_string}"},"query-input":{"@type":"PropertyValueSpecification","valueRequired":true,"valueName":"search_term_string"}}],"inLanguage":"fr-FR"}]}},"_links":{"self":[{"href":"http:\/\/equipedefrancedestransplantes.fr\/index.php?rest_route=\/wp\/v2\/pages\/25","targetHints":{"allow":["GET"]}}],"collection":[{"href":"http:\/\/equipedefrancedestransplantes.fr\/index.php?rest_route=\/wp\/v2\/pages"}],"about":[{"href":"http:\/\/equipedefrancedestransplantes.fr\/index.php?rest_route=\/wp\/v2\/types\/page"}],"author":[{"embeddable":true,"href":"http:\/\/equipedefrancedestransplantes.fr\/index.php?rest_route=\/wp\/v2\/users\/1"}],"replies":[{"embeddable":true,"href":"http:\/\/equipedefrancedestransplantes.fr\/index.php?rest_route=%2Fwp%2Fv2%2Fcomments&post=25"}],"version-history":[{"count":2,"href":"http:\/\/equipedefrancedestransplantes.fr\/index.php?rest_route=\/wp\/v2\/pages\/25\/revisions"}],"predecessor-version":[{"id":61,"href":"http:\/\/equipedefrancedestransplantes.fr\/index.php?rest_route=\/wp\/v2\/pages\/25\/revisions\/61"}],"wp:attachment":[{"href":"http:\/\/equipedefrancedestransplantes.fr\/index.php?rest_route=%2Fwp%2Fv2%2Fmedia&parent=25"}],"curies":[{"name":"wp","href":"https:\/\/api.w.org\/{rel}","templated":true}]}}