{"id":2,"date":"2025-09-06T16:29:25","date_gmt":"2025-09-06T16:29:25","guid":{"rendered":"http:\/\/equipedefrancedestransplantes.fr\/?page_id=2"},"modified":"2025-09-18T14:34:14","modified_gmt":"2025-09-18T14:34:14","slug":"sample-page","status":"publish","type":"page","link":"http:\/\/equipedefrancedestransplantes.fr\/","title":{"rendered":"Accueil"},"content":{"rendered":"\n<p><strong>Nous rassemblons des athl\u00e8tes greff\u00e9s et dialys\u00e9s pour porter haut les couleurs de la France, c\u00e9l\u00e9brer la greffe qui sauve et inspirer par l\u2019exemple.<\/strong><\/p>\n\n\n\n<p><a href=\"\/adhesion-cotisation\">Rejoindre l\u2019\u00e9quipe<\/a> <a href=\"\/jeux-mondiaux-transplantes\">D\u00e9couvrir les Jeux Mondiaux<\/a><\/p>\n\n\n\n<hr class=\"wp-block-separator has-alpha-channel-opacity\"\/>\n\n\n\n<h2 class=\"wp-block-heading\">Bienvenue sur le site officiel de l\u2019\u00c9quipe de France des Transplant\u00e9s &amp; Dialys\u00e9s<\/h2>\n\n\n\n<p>L\u2019\u00c9quipe de France des Transplant\u00e9s &amp; Dialys\u00e9s (EDFTD) f\u00e9d\u00e8re des sportifs, proches et sympathisants autour d\u2019une m\u00eame conviction : <strong>le sport est une formidable preuve de vie<\/strong>.<\/p>\n\n\n\n<p>\u00c0 travers les comp\u00e9titions nationales et internationales (Jeux Mondiaux, Europ\u00e9ens, Nationaux), nous partageons un message universel : le don d&rsquo;organes est geste altruiste permettant de redonner la vie. <\/p>\n\n\n\n<hr class=\"wp-block-separator has-alpha-channel-opacity\"\/>\n\n\n\n<h3 class=\"wp-block-heading\">Nos actions en un coup d\u2019\u0153il<\/h3>\n\n\n\n<ul class=\"wp-block-list\">\n<li>\ud83c\udf0d <strong>Jeux Mondiaux des Transplant\u00e9s<\/strong> : photos, vid\u00e9os, r\u00e9sultats<\/li>\n\n\n\n<li>\ud83d\udc99 <strong>Sensibiliser au don d\u2019organes<\/strong> : \u00e9v\u00e9nements, interventions, communication<\/li>\n\n\n\n<li>\ud83d\udc5f <strong>Athl\u00e8tes &amp; parcours inspirants<\/strong> : histoires et t\u00e9moignages<\/li>\n<\/ul>\n\n\n\n<hr class=\"wp-block-separator has-alpha-channel-opacity\"\/>\n\n\n\n<h2 class=\"wp-block-heading\">L\u2019impact en chiffres<\/h2>\n\n\n\n<ul class=\"wp-block-list\">\n<li>[\u00c0 compl\u00e9ter] <strong>athl\u00e8tes engag\u00e9s<\/strong><\/li>\n\n\n\n<li>[\u00c0 compl\u00e9ter] <strong>m\u00e9dailles cumul\u00e9es<\/strong><\/li>\n\n\n\n<li>[\u00c0 compl\u00e9ter] <strong>\u00e9v\u00e9nements\/an<\/strong><\/li>\n<\/ul>\n\n\n\n<hr class=\"wp-block-separator has-alpha-channel-opacity\"\/>\n\n\n\n<h2 class=\"wp-block-heading\">Derni\u00e8res actualit\u00e9s<\/h2>\n\n\n\n<p><a href=\"\/actualites-evenements\">Voir toutes les actus<\/a><\/p>\n\n\n\n<hr class=\"wp-block-separator has-alpha-channel-opacity\"\/>\n\n\n\n<h2 class=\"wp-block-heading\">Merci \u00e0 nos partenaires<\/h2>\n\n\n\n<p><a href=\"\/sponsors-partenaires\">Devenir partenaire<\/a><\/p>\n\n\n\n<p><\/p>\n","protected":false},"excerpt":{"rendered":"<p>Nous rassemblons des athl\u00e8tes greff\u00e9s et dialys\u00e9s pour porter haut les couleurs de la France, c\u00e9l\u00e9brer la greffe qui sauve et inspirer par l\u2019exemple. Rejoindre l\u2019\u00e9quipe D\u00e9couvrir les Jeux Mondiaux [&hellip;]<\/p>\n","protected":false},"author":1,"featured_media":0,"parent":0,"menu_order":0,"comment_status":"closed","ping_status":"open","template":"","meta":{"_EventAllDay":false,"_EventTimezone":"","_EventStartDate":"","_EventEndDate":"","_EventStartDateUTC":"","_EventEndDateUTC":"","_EventShowMap":false,"_EventShowMapLink":false,"_EventURL":"","_EventCost":"","_EventCostDescription":"","_EventCurrencySymbol":"","_EventCurrencyCode":"","_EventCurrencyPosition":"","_EventDateTimeSeparator":"","_EventTimeRangeSeparator":"","_EventOrganizerID":[],"_EventVenueID":[],"_OrganizerEmail":"","_OrganizerPhone":"","_OrganizerWebsite":"","_VenueAddress":"","_VenueCity":"","_VenueCountry":"","_VenueProvince":"","_VenueState":"","_VenueZip":"","_VenuePhone":"","_VenueURL":"","_VenueStateProvince":"","_VenueLat":"","_VenueLng":"","_VenueShowMap":false,"_VenueShowMapLink":false,"footnotes":""},"class_list":["post-2","page","type-page","status-publish","hentry"],"yoast_head":"<!-- This site is optimized with the Yoast SEO plugin v25.9 - https:\/\/yoast.com\/wordpress\/plugins\/seo\/ -->\n<title>Accueil - \u00c9quipe de France des transplant\u00e9s et dialys\u00e9s<\/title>\n<meta name=\"robots\" content=\"index, follow, max-snippet:-1, max-image-preview:large, max-video-preview:-1\" \/>\n<link rel=\"canonical\" href=\"https:\/\/equipedefrancedestransplantes.fr\/\" \/>\n<meta property=\"og:locale\" content=\"fr_FR\" \/>\n<meta property=\"og:type\" content=\"article\" \/>\n<meta property=\"og:title\" content=\"Accueil - \u00c9quipe de France des transplant\u00e9s et dialys\u00e9s\" \/>\n<meta property=\"og:description\" content=\"Nous rassemblons des athl\u00e8tes greff\u00e9s et dialys\u00e9s pour porter haut les couleurs de la France, c\u00e9l\u00e9brer la greffe qui sauve et inspirer par l\u2019exemple. Rejoindre l\u2019\u00e9quipe D\u00e9couvrir les Jeux Mondiaux [&hellip;]\" \/>\n<meta property=\"og:url\" content=\"https:\/\/equipedefrancedestransplantes.fr\/\" \/>\n<meta property=\"og:site_name\" content=\"\u00c9quipe de France des transplant\u00e9s et dialys\u00e9s\" \/>\n<meta property=\"article:modified_time\" content=\"2025-09-18T14:34:14+00:00\" \/>\n<meta name=\"twitter:card\" content=\"summary_large_image\" \/>\n<meta name=\"twitter:label1\" content=\"Dur\u00e9e de lecture estim\u00e9e\" \/>\n\t<meta name=\"twitter:data1\" content=\"1 minute\" \/>\n<script type=\"application\/ld+json\" class=\"yoast-schema-graph\">{\"@context\":\"https:\/\/schema.org\",\"@graph\":[{\"@type\":\"WebPage\",\"@id\":\"https:\/\/equipedefrancedestransplantes.fr\/\",\"url\":\"https:\/\/equipedefrancedestransplantes.fr\/\",\"name\":\"Accueil - \u00c9quipe de France des transplant\u00e9s et dialys\u00e9s\",\"isPartOf\":{\"@id\":\"https:\/\/equipedefrancedestransplantes.fr\/#website\"},\"datePublished\":\"2025-09-06T16:29:25+00:00\",\"dateModified\":\"2025-09-18T14:34:14+00:00\",\"breadcrumb\":{\"@id\":\"https:\/\/equipedefrancedestransplantes.fr\/#breadcrumb\"},\"inLanguage\":\"fr-FR\",\"potentialAction\":[{\"@type\":\"ReadAction\",\"target\":[\"https:\/\/equipedefrancedestransplantes.fr\/\"]}]},{\"@type\":\"BreadcrumbList\",\"@id\":\"https:\/\/equipedefrancedestransplantes.fr\/#breadcrumb\",\"itemListElement\":[{\"@type\":\"ListItem\",\"position\":1,\"name\":\"Accueil\",\"item\":\"https:\/\/equipedefrancedestransplantes.fr\/\"},{\"@type\":\"ListItem\",\"position\":2,\"name\":\"Accueil\"}]},{\"@type\":\"WebSite\",\"@id\":\"https:\/\/equipedefrancedestransplantes.fr\/#website\",\"url\":\"https:\/\/equipedefrancedestransplantes.fr\/\",\"name\":\"\u00c9quipe de France des transplant\u00e9s et dialys\u00e9s\",\"description\":\"Ensemble, plus fort, plus loin pour sensibiliser au don d&#039;organes\",\"potentialAction\":[{\"@type\":\"SearchAction\",\"target\":{\"@type\":\"EntryPoint\",\"urlTemplate\":\"https:\/\/equipedefrancedestransplantes.fr\/?s={search_term_string}\"},\"query-input\":{\"@type\":\"PropertyValueSpecification\",\"valueRequired\":true,\"valueName\":\"search_term_string\"}}],\"inLanguage\":\"fr-FR\"}]}<\/script>\n<!-- \/ Yoast SEO plugin. -->","yoast_head_json":{"title":"Accueil - \u00c9quipe de France des transplant\u00e9s et dialys\u00e9s","robots":{"index":"index","follow":"follow","max-snippet":"max-snippet:-1","max-image-preview":"max-image-preview:large","max-video-preview":"max-video-preview:-1"},"canonical":"https:\/\/equipedefrancedestransplantes.fr\/","og_locale":"fr_FR","og_type":"article","og_title":"Accueil - \u00c9quipe de France des transplant\u00e9s et dialys\u00e9s","og_description":"Nous rassemblons des athl\u00e8tes greff\u00e9s et dialys\u00e9s pour porter haut les couleurs de la France, c\u00e9l\u00e9brer la greffe qui sauve et inspirer par l\u2019exemple. Rejoindre l\u2019\u00e9quipe D\u00e9couvrir les Jeux Mondiaux [&hellip;]","og_url":"https:\/\/equipedefrancedestransplantes.fr\/","og_site_name":"\u00c9quipe de France des transplant\u00e9s et dialys\u00e9s","article_modified_time":"2025-09-18T14:34:14+00:00","twitter_card":"summary_large_image","twitter_misc":{"Dur\u00e9e de lecture estim\u00e9e":"1 minute"},"schema":{"@context":"https:\/\/schema.org","@graph":[{"@type":"WebPage","@id":"https:\/\/equipedefrancedestransplantes.fr\/","url":"https:\/\/equipedefrancedestransplantes.fr\/","name":"Accueil - \u00c9quipe de France des transplant\u00e9s et dialys\u00e9s","isPartOf":{"@id":"https:\/\/equipedefrancedestransplantes.fr\/#website"},"datePublished":"2025-09-06T16:29:25+00:00","dateModified":"2025-09-18T14:34:14+00:00","breadcrumb":{"@id":"https:\/\/equipedefrancedestransplantes.fr\/#breadcrumb"},"inLanguage":"fr-FR","potentialAction":[{"@type":"ReadAction","target":["https:\/\/equipedefrancedestransplantes.fr\/"]}]},{"@type":"BreadcrumbList","@id":"https:\/\/equipedefrancedestransplantes.fr\/#breadcrumb","itemListElement":[{"@type":"ListItem","position":1,"name":"Accueil","item":"https:\/\/equipedefrancedestransplantes.fr\/"},{"@type":"ListItem","position":2,"name":"Accueil"}]},{"@type":"WebSite","@id":"https:\/\/equipedefrancedestransplantes.fr\/#website","url":"https:\/\/equipedefrancedestransplantes.fr\/","name":"\u00c9quipe de France des transplant\u00e9s et dialys\u00e9s","description":"Ensemble, plus fort, plus loin pour sensibiliser au don d&#039;organes","potentialAction":[{"@type":"SearchAction","target":{"@type":"EntryPoint","urlTemplate":"https:\/\/equipedefrancedestransplantes.fr\/?s={search_term_string}"},"query-input":{"@type":"PropertyValueSpecification","valueRequired":true,"valueName":"search_term_string"}}],"inLanguage":"fr-FR"}]}},"_links":{"self":[{"href":"http:\/\/equipedefrancedestransplantes.fr\/index.php?rest_route=\/wp\/v2\/pages\/2","targetHints":{"allow":["GET"]}}],"collection":[{"href":"http:\/\/equipedefrancedestransplantes.fr\/index.php?rest_route=\/wp\/v2\/pages"}],"about":[{"href":"http:\/\/equipedefrancedestransplantes.fr\/index.php?rest_route=\/wp\/v2\/types\/page"}],"author":[{"embeddable":true,"href":"http:\/\/equipedefrancedestransplantes.fr\/index.php?rest_route=\/wp\/v2\/users\/1"}],"replies":[{"embeddable":true,"href":"http:\/\/equipedefrancedestransplantes.fr\/index.php?rest_route=%2Fwp%2Fv2%2Fcomments&post=2"}],"version-history":[{"count":1,"href":"http:\/\/equipedefrancedestransplantes.fr\/index.php?rest_route=\/wp\/v2\/pages\/2\/revisions"}],"predecessor-version":[{"id":21,"href":"http:\/\/equipedefrancedestransplantes.fr\/index.php?rest_route=\/wp\/v2\/pages\/2\/revisions\/21"}],"wp:attachment":[{"href":"http:\/\/equipedefrancedestransplantes.fr\/index.php?rest_route=%2Fwp%2Fv2%2Fmedia&parent=2"}],"curies":[{"name":"wp","href":"https:\/\/api.w.org\/{rel}","templated":true}]}}